{"id":35,"date":"2024-03-05T20:57:46","date_gmt":"2024-03-05T19:57:46","guid":{"rendered":"http:\/\/barberbytom.pl\/?page_id=35"},"modified":"2024-03-10T13:05:56","modified_gmt":"2024-03-10T12:05:56","slug":"o-nas","status":"publish","type":"page","link":"https:\/\/barberbytom.pl\/?page_id=35","title":{"rendered":"Oferta"},"content":{"rendered":"\t\t<div data-elementor-type=\"wp-page\" data-elementor-id=\"35\" class=\"elementor elementor-35\">\n\t\t\t\t<div class=\"elementor-element elementor-element-a2ff57f e-flex e-con-boxed e-con e-parent\" data-id=\"a2ff57f\" data-element_type=\"container\" data-e-type=\"container\">\n\t\t\t\t\t<div class=\"e-con-inner\">\n\t\t<div class=\"elementor-element elementor-element-4ab3714 e-con-full e-flex e-con e-child\" data-id=\"4ab3714\" data-element_type=\"container\" data-e-type=\"container\">\n\t\t\t\t<div class=\"elementor-element elementor-element-9794e18 elementor-widget elementor-widget-text-editor\" data-id=\"9794e18\" data-element_type=\"widget\" data-e-type=\"widget\" data-widget_type=\"text-editor.default\">\n\t\t\t\t<div class=\"elementor-widget-container\">\n\t\t\t\t\t\t\t\t\t<h2><span style=\"white-space-collapse: preserve;\"><strong>Hlonda 62<\/strong> miejsce gdzie sztuka strzy\u017cenia spotyka si\u0119 z elegancj\u0105 i m\u0119skim stylem<\/span><\/h2>\t\t\t\t\t\t\t\t<\/div>\n\t\t\t\t<\/div>\n\t\t\t\t<\/div>\n\t\t<div class=\"elementor-element elementor-element-435cdea e-con-full e-flex e-con e-child\" data-id=\"435cdea\" data-element_type=\"container\" data-e-type=\"container\">\n\t\t\t\t<div class=\"elementor-element elementor-element-c8fb253 elementor-widget elementor-widget-image\" data-id=\"c8fb253\" data-element_type=\"widget\" data-e-type=\"widget\" data-widget_type=\"image.default\">\n\t\t\t\t<div class=\"elementor-widget-container\">\n\t\t\t\t\t\t\t\t\t\t\t\t\t\t\t<img fetchpriority=\"high\" decoding=\"async\" width=\"680\" height=\"680\" src=\"https:\/\/barberbytom.pl\/wp-content\/uploads\/2024\/03\/Dark-Blue-Yellow-and-Red-Modern-Geometric-Gym-Equipment-Price-List-Instagram-Story-Post-na-Instagram-1024x1024.png\" class=\"attachment-large size-large wp-image-106\" alt=\"Najlepszy barber w mie\u015bcie Bytom\" srcset=\"https:\/\/barberbytom.pl\/wp-content\/uploads\/2024\/03\/Dark-Blue-Yellow-and-Red-Modern-Geometric-Gym-Equipment-Price-List-Instagram-Story-Post-na-Instagram-1024x1024.png 1024w, https:\/\/barberbytom.pl\/wp-content\/uploads\/2024\/03\/Dark-Blue-Yellow-and-Red-Modern-Geometric-Gym-Equipment-Price-List-Instagram-Story-Post-na-Instagram-300x300.png 300w, https:\/\/barberbytom.pl\/wp-content\/uploads\/2024\/03\/Dark-Blue-Yellow-and-Red-Modern-Geometric-Gym-Equipment-Price-List-Instagram-Story-Post-na-Instagram-150x150.png 150w, https:\/\/barberbytom.pl\/wp-content\/uploads\/2024\/03\/Dark-Blue-Yellow-and-Red-Modern-Geometric-Gym-Equipment-Price-List-Instagram-Story-Post-na-Instagram-768x768.png 768w, https:\/\/barberbytom.pl\/wp-content\/uploads\/2024\/03\/Dark-Blue-Yellow-and-Red-Modern-Geometric-Gym-Equipment-Price-List-Instagram-Story-Post-na-Instagram.png 1080w\" sizes=\"(max-width: 680px) 100vw, 680px\" \/>\t\t\t\t\t\t\t\t\t\t\t\t\t\t\t<\/div>\n\t\t\t\t<\/div>\n\t\t\t\t<\/div>\n\t\t\t\t\t<\/div>\n\t\t\t\t<\/div>\n\t\t\t\t<\/div>\n\t\t","protected":false},"excerpt":{"rendered":"<p>Hlonda 62 miejsce gdzie sztuka strzy\u017cenia spotyka si\u0119 z elegancj\u0105 i m\u0119skim stylem<\/p>\n","protected":false},"author":1,"featured_media":0,"parent":0,"menu_order":1,"comment_status":"closed","ping_status":"closed","template":"","meta":{"om_disable_all_campaigns":false,"_monsterinsights_skip_tracking":false,"_monsterinsights_sitenote_active":false,"_monsterinsights_sitenote_note":"","_monsterinsights_sitenote_category":0,"_uf_show_specific_survey":0,"_uf_disable_surveys":false,"footnotes":""},"class_list":["post-35","page","type-page","status-publish","hentry"],"aioseo_notices":[],"yoast_head":"<!-- This site is optimized with the Yoast SEO plugin v22.1 - https:\/\/yoast.com\/wordpress\/plugins\/seo\/ -->\n<title>Oferta - Hlonda 62<\/title>\n<meta name=\"robots\" content=\"index, follow, max-snippet:-1, max-image-preview:large, max-video-preview:-1\" \/>\n<link rel=\"canonical\" href=\"https:\/\/barberbytom.pl\/?page_id=35\" \/>\n<meta property=\"og:locale\" content=\"pl_PL\" \/>\n<meta property=\"og:type\" content=\"article\" \/>\n<meta property=\"og:title\" content=\"Oferta - Hlonda 62\" \/>\n<meta property=\"og:description\" content=\"Hlonda 62 miejsce gdzie sztuka strzy\u017cenia spotyka si\u0119 z elegancj\u0105 i m\u0119skim stylem\" \/>\n<meta property=\"og:url\" content=\"https:\/\/barberbytom.pl\/?page_id=35\" \/>\n<meta property=\"og:site_name\" content=\"Hlonda 62\" \/>\n<meta property=\"article:modified_time\" content=\"2024-03-10T12:05:56+00:00\" \/>\n<meta property=\"og:image\" content=\"http:\/\/barberbytom.pl\/wp-content\/uploads\/2024\/03\/Dark-Blue-Yellow-and-Red-Modern-Geometric-Gym-Equipment-Price-List-Instagram-Story-Post-na-Instagram-1024x1024.png\" \/>\n<meta name=\"twitter:card\" content=\"summary_large_image\" \/>\n<meta name=\"twitter:label1\" content=\"Szacowany czas czytania\" \/>\n\t<meta name=\"twitter:data1\" content=\"1 minuta\" \/>\n<script type=\"application\/ld+json\" class=\"yoast-schema-graph\">{\"@context\":\"https:\/\/schema.org\",\"@graph\":[{\"@type\":\"WebPage\",\"@id\":\"https:\/\/barberbytom.pl\/?page_id=35\",\"url\":\"https:\/\/barberbytom.pl\/?page_id=35\",\"name\":\"Oferta - Hlonda 62\",\"isPartOf\":{\"@id\":\"https:\/\/barberbytom.pl\/#website\"},\"datePublished\":\"2024-03-05T19:57:46+00:00\",\"dateModified\":\"2024-03-10T12:05:56+00:00\",\"breadcrumb\":{\"@id\":\"https:\/\/barberbytom.pl\/?page_id=35#breadcrumb\"},\"inLanguage\":\"pl-PL\",\"potentialAction\":[{\"@type\":\"ReadAction\",\"target\":[\"https:\/\/barberbytom.pl\/?page_id=35\"]}]},{\"@type\":\"BreadcrumbList\",\"@id\":\"https:\/\/barberbytom.pl\/?page_id=35#breadcrumb\",\"itemListElement\":[{\"@type\":\"ListItem\",\"position\":1,\"name\":\"Home\",\"item\":\"https:\/\/barberbytom.pl\/\"},{\"@type\":\"ListItem\",\"position\":2,\"name\":\"Oferta\"}]},{\"@type\":\"WebSite\",\"@id\":\"https:\/\/barberbytom.pl\/#website\",\"url\":\"https:\/\/barberbytom.pl\/\",\"name\":\"Hlonda 62\",\"description\":\"Barber Shop Bytom\",\"potentialAction\":[{\"@type\":\"SearchAction\",\"target\":{\"@type\":\"EntryPoint\",\"urlTemplate\":\"https:\/\/barberbytom.pl\/?s={search_term_string}\"},\"query-input\":\"required name=search_term_string\"}],\"inLanguage\":\"pl-PL\"}]}<\/script>\n<!-- \/ Yoast SEO plugin. -->","yoast_head_json":{"title":"Oferta - Hlonda 62","robots":{"index":"index","follow":"follow","max-snippet":"max-snippet:-1","max-image-preview":"max-image-preview:large","max-video-preview":"max-video-preview:-1"},"canonical":"https:\/\/barberbytom.pl\/?page_id=35","og_locale":"pl_PL","og_type":"article","og_title":"Oferta - Hlonda 62","og_description":"Hlonda 62 miejsce gdzie sztuka strzy\u017cenia spotyka si\u0119 z elegancj\u0105 i m\u0119skim stylem","og_url":"https:\/\/barberbytom.pl\/?page_id=35","og_site_name":"Hlonda 62","article_modified_time":"2024-03-10T12:05:56+00:00","og_image":[{"url":"http:\/\/barberbytom.pl\/wp-content\/uploads\/2024\/03\/Dark-Blue-Yellow-and-Red-Modern-Geometric-Gym-Equipment-Price-List-Instagram-Story-Post-na-Instagram-1024x1024.png"}],"twitter_card":"summary_large_image","twitter_misc":{"Szacowany czas czytania":"1 minuta"},"schema":{"@context":"https:\/\/schema.org","@graph":[{"@type":"WebPage","@id":"https:\/\/barberbytom.pl\/?page_id=35","url":"https:\/\/barberbytom.pl\/?page_id=35","name":"Oferta - Hlonda 62","isPartOf":{"@id":"https:\/\/barberbytom.pl\/#website"},"datePublished":"2024-03-05T19:57:46+00:00","dateModified":"2024-03-10T12:05:56+00:00","breadcrumb":{"@id":"https:\/\/barberbytom.pl\/?page_id=35#breadcrumb"},"inLanguage":"pl-PL","potentialAction":[{"@type":"ReadAction","target":["https:\/\/barberbytom.pl\/?page_id=35"]}]},{"@type":"BreadcrumbList","@id":"https:\/\/barberbytom.pl\/?page_id=35#breadcrumb","itemListElement":[{"@type":"ListItem","position":1,"name":"Home","item":"https:\/\/barberbytom.pl\/"},{"@type":"ListItem","position":2,"name":"Oferta"}]},{"@type":"WebSite","@id":"https:\/\/barberbytom.pl\/#website","url":"https:\/\/barberbytom.pl\/","name":"Hlonda 62","description":"Barber Shop Bytom","potentialAction":[{"@type":"SearchAction","target":{"@type":"EntryPoint","urlTemplate":"https:\/\/barberbytom.pl\/?s={search_term_string}"},"query-input":"required name=search_term_string"}],"inLanguage":"pl-PL"}]}},"_links":{"self":[{"href":"https:\/\/barberbytom.pl\/index.php?rest_route=\/wp\/v2\/pages\/35","targetHints":{"allow":["GET"]}}],"collection":[{"href":"https:\/\/barberbytom.pl\/index.php?rest_route=\/wp\/v2\/pages"}],"about":[{"href":"https:\/\/barberbytom.pl\/index.php?rest_route=\/wp\/v2\/types\/page"}],"author":[{"embeddable":true,"href":"https:\/\/barberbytom.pl\/index.php?rest_route=\/wp\/v2\/users\/1"}],"replies":[{"embeddable":true,"href":"https:\/\/barberbytom.pl\/index.php?rest_route=%2Fwp%2Fv2%2Fcomments&post=35"}],"version-history":[{"count":12,"href":"https:\/\/barberbytom.pl\/index.php?rest_route=\/wp\/v2\/pages\/35\/revisions"}],"predecessor-version":[{"id":173,"href":"https:\/\/barberbytom.pl\/index.php?rest_route=\/wp\/v2\/pages\/35\/revisions\/173"}],"wp:attachment":[{"href":"https:\/\/barberbytom.pl\/index.php?rest_route=%2Fwp%2Fv2%2Fmedia&parent=35"}],"curies":[{"name":"wp","href":"https:\/\/api.w.org\/{rel}","templated":true}]}}